{"id":34640,"date":"2026-03-13T19:00:37","date_gmt":"2026-03-13T18:00:37","guid":{"rendered":"https:\/\/cuntitt.ch\/?page_id=34640"},"modified":"2026-03-27T10:56:06","modified_gmt":"2026-03-27T09:56:06","slug":"contatti-2","status":"publish","type":"page","link":"https:\/\/cuntitt.ch\/en_gb\/contatti-2\/","title":{"rendered":"Contact"},"content":{"rendered":"<div data-elementor-type=\"wp-page\" data-elementor-id=\"34640\" class=\"elementor elementor-34640\">\n\t\t\t\t<div class=\"elementor-element elementor-element-16204e0 elementor-hidden-mobile e-flex e-con-boxed e-con e-parent\" data-id=\"16204e0\" data-element_type=\"container\" data-e-type=\"container\">\n\t\t\t\t\t<div class=\"e-con-inner\">\n\t\t\t\t<div class=\"elementor-element elementor-element-f681a7b elementor-widget elementor-widget-image\" data-id=\"f681a7b\" data-element_type=\"widget\" data-e-type=\"widget\" data-widget_type=\"image.default\">\n\t\t\t\t<div class=\"elementor-widget-container\">\n\t\t\t\t\t\t\t\t\t\t\t\t\t\t\t<img fetchpriority=\"high\" decoding=\"async\" width=\"1024\" height=\"402\" src=\"https:\/\/cuntitt.ch\/wp-content\/uploads\/2026\/03\/CUNTITT-NUOVO-LOGO-1024x402.png\" class=\"attachment-large size-large wp-image-34167\" alt=\"\" srcset=\"https:\/\/cuntitt.ch\/wp-content\/uploads\/2026\/03\/CUNTITT-NUOVO-LOGO-1024x402.png 1024w, https:\/\/cuntitt.ch\/wp-content\/uploads\/2026\/03\/CUNTITT-NUOVO-LOGO-300x118.png 300w, https:\/\/cuntitt.ch\/wp-content\/uploads\/2026\/03\/CUNTITT-NUOVO-LOGO-768x302.png 768w, https:\/\/cuntitt.ch\/wp-content\/uploads\/2026\/03\/CUNTITT-NUOVO-LOGO-1536x603.png 1536w, https:\/\/cuntitt.ch\/wp-content\/uploads\/2026\/03\/CUNTITT-NUOVO-LOGO-2048x805.png 2048w\" sizes=\"(max-width: 1024px) 100vw, 1024px\" \/>\t\t\t\t\t\t\t\t\t\t\t\t\t\t\t<\/div>\n\t\t\t\t<\/div>\n\t\t\t\t\t<\/div>\n\t\t\t\t<\/div>\n\t\t<div class=\"elementor-element elementor-element-6aad765 elementor-hidden-mobile e-flex e-con-boxed e-con e-parent\" data-id=\"6aad765\" data-element_type=\"container\" data-e-type=\"container\">\n\t\t\t\t\t<div class=\"e-con-inner\">\n\t\t\t\t<div class=\"elementor-element elementor-element-48e5479 elementor-widget elementor-widget-image\" data-id=\"48e5479\" data-element_type=\"widget\" data-e-type=\"widget\" data-widget_type=\"image.default\">\n\t\t\t\t<div class=\"elementor-widget-container\">\n\t\t\t\t\t\t\t\t\t\t\t\t\t\t\t<img decoding=\"async\" width=\"1024\" height=\"680\" src=\"https:\/\/cuntitt.ch\/wp-content\/uploads\/2026\/03\/cuntitt-deor-1024x680.jpg\" class=\"attachment-large size-large wp-image-35610\" alt=\"\" srcset=\"https:\/\/cuntitt.ch\/wp-content\/uploads\/2026\/03\/cuntitt-deor-1024x680.jpg 1024w, https:\/\/cuntitt.ch\/wp-content\/uploads\/2026\/03\/cuntitt-deor-300x199.jpg 300w, https:\/\/cuntitt.ch\/wp-content\/uploads\/2026\/03\/cuntitt-deor-768x510.jpg 768w, https:\/\/cuntitt.ch\/wp-content\/uploads\/2026\/03\/cuntitt-deor-1536x1020.jpg 1536w, https:\/\/cuntitt.ch\/wp-content\/uploads\/2026\/03\/cuntitt-deor-2048x1360.jpg 2048w\" sizes=\"(max-width: 1024px) 100vw, 1024px\" \/>\t\t\t\t\t\t\t\t\t\t\t\t\t\t\t<\/div>\n\t\t\t\t<\/div>\n\t\t\t\t<div class=\"elementor-element elementor-element-3266f7b elementor-widget elementor-widget-image\" data-id=\"3266f7b\" data-element_type=\"widget\" data-e-type=\"widget\" data-widget_type=\"image.default\">\n\t\t\t\t<div class=\"elementor-widget-container\">\n\t\t\t\t\t\t\t\t\t\t\t\t\t\t\t<img decoding=\"async\" width=\"1024\" height=\"576\" src=\"https:\/\/cuntitt.ch\/wp-content\/uploads\/2026\/03\/stella-michelin-CUNTITT-DEEP-WEB-RESTYLING--1024x576.png\" class=\"attachment-large size-large wp-image-34223\" alt=\"\" srcset=\"https:\/\/cuntitt.ch\/wp-content\/uploads\/2026\/03\/stella-michelin-CUNTITT-DEEP-WEB-RESTYLING--1024x576.png 1024w, https:\/\/cuntitt.ch\/wp-content\/uploads\/2026\/03\/stella-michelin-CUNTITT-DEEP-WEB-RESTYLING--768x432.png 768w\" sizes=\"(max-width: 1024px) 100vw, 1024px\" \/>\t\t\t\t\t\t\t\t\t\t\t\t\t\t\t<\/div>\n\t\t\t\t<\/div>\n\t\t\t\t\t<\/div>\n\t\t\t\t<\/div>\n\t\t<div class=\"elementor-element elementor-element-c3ba3e4 elementor-hidden-mobile e-flex e-con-boxed e-con e-parent\" data-id=\"c3ba3e4\" data-element_type=\"container\" data-e-type=\"container\">\n\t\t\t\t\t<div class=\"e-con-inner\">\n\t\t\t\t<div class=\"elementor-element elementor-element-f4b6b7b elementor-widget elementor-widget-heading\" data-id=\"f4b6b7b\" data-element_type=\"widget\" data-e-type=\"widget\" data-widget_type=\"heading.default\">\n\t\t\t\t<div class=\"elementor-widget-container\">\n\t\t\t\t\t<h2 class=\"elementor-heading-title elementor-size-default\">Days and Times<\/h2>\t\t\t\t<\/div>\n\t\t\t\t<\/div>\n\t\t\t\t<div class=\"elementor-element elementor-element-4e3c1a3 elementor-widget__width-initial elementor-widget elementor-widget-text-editor\" data-id=\"4e3c1a3\" data-element_type=\"widget\" data-e-type=\"widget\" data-widget_type=\"text-editor.default\">\n\t\t\t\t<div class=\"elementor-widget-container\">\n\t\t\t\t\t\t\t\t\t<p>Luned\u00ec &#8211; Marted\u00ec &#8211; Gioved\u00ec &#8211; Venerd\u00ec &#8211; Sabato<\/p>\n<p>11.30\/15.00 &#8211; 19.00\/22.00<\/p><p><br><\/p>\n<p><\/p>\n<p>Ultimo ordine accettato 13:30 &#8211; 20:30<\/p><p><br><\/p><p>Domenica &#8211; Mercoled\u00ec CHIUSO<\/p>\n<p><\/p>\n<div class=\"wp-block-group\">\n<p class=\"has-text-align-center has-link-color-color has-text-color\" style=\"font-size: 25px; font-style: normal; font-weight: 200; letter-spacing: 1px;\"><br><\/p>\n<\/div>\t\t\t\t\t\t\t\t<\/div>\n\t\t\t\t<\/div>\n\t\t\t\t<div class=\"elementor-element elementor-element-2633511 elementor-widget__width-initial elementor-widget-divider--view-line elementor-widget elementor-widget-divider\" data-id=\"2633511\" data-element_type=\"widget\" data-e-type=\"widget\" data-widget_type=\"divider.default\">\n\t\t\t\t<div class=\"elementor-widget-container\">\n\t\t\t\t\t\t\t<div class=\"elementor-divider\">\n\t\t\t<span class=\"elementor-divider-separator\">\n\t\t\t\t\t\t<\/span>\n\t\t<\/div>\n\t\t\t\t\t\t<\/div>\n\t\t\t\t<\/div>\n\t\t\t\t\t<\/div>\n\t\t\t\t<\/div>\n\t\t<div class=\"elementor-element elementor-element-55f399c elementor-hidden-mobile e-flex e-con-boxed e-con e-parent\" data-id=\"55f399c\" data-element_type=\"container\" data-e-type=\"container\">\n\t\t\t\t\t<div class=\"e-con-inner\">\n\t\t\t\t<div class=\"elementor-element elementor-element-baabaf3 elementor-widget elementor-widget-heading\" data-id=\"baabaf3\" data-element_type=\"widget\" data-e-type=\"widget\" data-widget_type=\"heading.default\">\n\t\t\t\t<div class=\"elementor-widget-container\">\n\t\t\t\t\t<h2 class=\"elementor-heading-title elementor-size-default\">Where to find us\n\n<\/h2>\t\t\t\t<\/div>\n\t\t\t\t<\/div>\n\t\t\t\t\t<\/div>\n\t\t\t\t<\/div>\n\t\t<div class=\"elementor-element elementor-element-c401321 elementor-hidden-mobile e-flex e-con-boxed e-con e-parent\" data-id=\"c401321\" data-element_type=\"container\" data-e-type=\"container\">\n\t\t\t\t\t<div class=\"e-con-inner\">\n\t\t\t\t<div class=\"elementor-element elementor-element-10da7b7 elementor-widget elementor-widget-text-editor\" data-id=\"10da7b7\" data-element_type=\"widget\" data-e-type=\"widget\" data-widget_type=\"text-editor.default\">\n\t\t\t\t<div class=\"elementor-widget-container\">\n\t\t\t\t\t\t\t\t\t<p>Via alla Chiesa 8 CH-6874<\/p><p>Castel San Pietro<\/p><p>Telefono\u00a0 +41(0)912236874<\/p><p><a href=\"mailto:info@cuntitt.ch\">info@cuntitt.ch<\/a><\/p>\t\t\t\t\t\t\t\t<\/div>\n\t\t\t\t<\/div>\n\t\t\t\t\t<\/div>\n\t\t\t\t<\/div>\n\t\t<div class=\"elementor-element elementor-element-dd285ce elementor-hidden-mobile e-flex e-con-boxed e-con e-parent\" data-id=\"dd285ce\" data-element_type=\"container\" data-e-type=\"container\">\n\t\t\t\t\t<div class=\"e-con-inner\">\n\t\t\t\t<div class=\"elementor-element elementor-element-2aac14e elementor-widget elementor-widget-image\" data-id=\"2aac14e\" data-element_type=\"widget\" data-e-type=\"widget\" data-widget_type=\"image.default\">\n\t\t\t\t<div class=\"elementor-widget-container\">\n\t\t\t\t\t\t\t\t\t\t\t\t\t\t\t<img loading=\"lazy\" decoding=\"async\" width=\"1024\" height=\"200\" src=\"https:\/\/cuntitt.ch\/wp-content\/uploads\/2026\/03\/Opera_senza_titolo-2-1024x200.png\" class=\"attachment-large size-large wp-image-34681\" alt=\"\" srcset=\"https:\/\/cuntitt.ch\/wp-content\/uploads\/2026\/03\/Opera_senza_titolo-2-1024x200.png 1024w, https:\/\/cuntitt.ch\/wp-content\/uploads\/2026\/03\/Opera_senza_titolo-2-300x59.png 300w, https:\/\/cuntitt.ch\/wp-content\/uploads\/2026\/03\/Opera_senza_titolo-2-768x150.png 768w, https:\/\/cuntitt.ch\/wp-content\/uploads\/2026\/03\/Opera_senza_titolo-2-1536x300.png 1536w, https:\/\/cuntitt.ch\/wp-content\/uploads\/2026\/03\/Opera_senza_titolo-2-2048x401.png 2048w\" sizes=\"(max-width: 1024px) 100vw, 1024px\" \/>\t\t\t\t\t\t\t\t\t\t\t\t\t\t\t<\/div>\n\t\t\t\t<\/div>\n\t\t\t\t\t<\/div>\n\t\t\t\t<\/div>\n\t\t<div class=\"elementor-element elementor-element-27d62e1 elementor-hidden-desktop elementor-hidden-tablet e-flex e-con-boxed e-con e-parent\" data-id=\"27d62e1\" data-element_type=\"container\" data-e-type=\"container\">\n\t\t\t\t\t<div class=\"e-con-inner\">\n\t\t\t\t<div class=\"elementor-element elementor-element-edc574b elementor-widget elementor-widget-image\" data-id=\"edc574b\" data-element_type=\"widget\" data-e-type=\"widget\" data-widget_type=\"image.default\">\n\t\t\t\t<div class=\"elementor-widget-container\">\n\t\t\t\t\t\t\t\t\t\t\t\t\t\t\t<img fetchpriority=\"high\" decoding=\"async\" width=\"1024\" height=\"402\" src=\"https:\/\/cuntitt.ch\/wp-content\/uploads\/2026\/03\/CUNTITT-NUOVO-LOGO-1024x402.png\" class=\"attachment-large size-large wp-image-34167\" alt=\"\" srcset=\"https:\/\/cuntitt.ch\/wp-content\/uploads\/2026\/03\/CUNTITT-NUOVO-LOGO-1024x402.png 1024w, https:\/\/cuntitt.ch\/wp-content\/uploads\/2026\/03\/CUNTITT-NUOVO-LOGO-300x118.png 300w, https:\/\/cuntitt.ch\/wp-content\/uploads\/2026\/03\/CUNTITT-NUOVO-LOGO-768x302.png 768w, https:\/\/cuntitt.ch\/wp-content\/uploads\/2026\/03\/CUNTITT-NUOVO-LOGO-1536x603.png 1536w, https:\/\/cuntitt.ch\/wp-content\/uploads\/2026\/03\/CUNTITT-NUOVO-LOGO-2048x805.png 2048w\" sizes=\"(max-width: 1024px) 100vw, 1024px\" \/>\t\t\t\t\t\t\t\t\t\t\t\t\t\t\t<\/div>\n\t\t\t\t<\/div>\n\t\t<div class=\"elementor-element elementor-element-df69732 e-con-full elementor-hidden-desktop elementor-hidden-tablet e-flex e-con e-child\" data-id=\"df69732\" data-element_type=\"container\" data-e-type=\"container\">\n\t\t\t\t<div class=\"elementor-element elementor-element-c02608a elementor-widget elementor-widget-image\" data-id=\"c02608a\" data-element_type=\"widget\" data-e-type=\"widget\" data-widget_type=\"image.default\">\n\t\t\t\t<div class=\"elementor-widget-container\">\n\t\t\t\t\t\t\t\t\t\t\t\t\t\t\t<img decoding=\"async\" width=\"1024\" height=\"680\" src=\"https:\/\/cuntitt.ch\/wp-content\/uploads\/2026\/03\/cuntitt-deor-1024x680.jpg\" class=\"attachment-large size-large wp-image-35610\" alt=\"\" srcset=\"https:\/\/cuntitt.ch\/wp-content\/uploads\/2026\/03\/cuntitt-deor-1024x680.jpg 1024w, https:\/\/cuntitt.ch\/wp-content\/uploads\/2026\/03\/cuntitt-deor-300x199.jpg 300w, https:\/\/cuntitt.ch\/wp-content\/uploads\/2026\/03\/cuntitt-deor-768x510.jpg 768w, https:\/\/cuntitt.ch\/wp-content\/uploads\/2026\/03\/cuntitt-deor-1536x1020.jpg 1536w, https:\/\/cuntitt.ch\/wp-content\/uploads\/2026\/03\/cuntitt-deor-2048x1360.jpg 2048w\" sizes=\"(max-width: 1024px) 100vw, 1024px\" \/>\t\t\t\t\t\t\t\t\t\t\t\t\t\t\t<\/div>\n\t\t\t\t<\/div>\n\t\t\t\t<div class=\"elementor-element elementor-element-763274d elementor-widget elementor-widget-image\" data-id=\"763274d\" data-element_type=\"widget\" data-e-type=\"widget\" data-widget_type=\"image.default\">\n\t\t\t\t<div class=\"elementor-widget-container\">\n\t\t\t\t\t\t\t\t\t\t\t\t\t\t\t<img decoding=\"async\" width=\"1024\" height=\"576\" src=\"https:\/\/cuntitt.ch\/wp-content\/uploads\/2026\/03\/stella-michelin-CUNTITT-DEEP-WEB-RESTYLING--1024x576.png\" class=\"attachment-large size-large wp-image-34223\" alt=\"\" srcset=\"https:\/\/cuntitt.ch\/wp-content\/uploads\/2026\/03\/stella-michelin-CUNTITT-DEEP-WEB-RESTYLING--1024x576.png 1024w, https:\/\/cuntitt.ch\/wp-content\/uploads\/2026\/03\/stella-michelin-CUNTITT-DEEP-WEB-RESTYLING--768x432.png 768w\" sizes=\"(max-width: 1024px) 100vw, 1024px\" \/>\t\t\t\t\t\t\t\t\t\t\t\t\t\t\t<\/div>\n\t\t\t\t<\/div>\n\t\t\t\t<\/div>\n\t\t<div class=\"elementor-element elementor-element-81d4c50 elementor-hidden-tablet e-con-full elementor-hidden-desktop e-flex e-con e-child\" data-id=\"81d4c50\" data-element_type=\"container\" data-e-type=\"container\">\n\t\t\t\t<div class=\"elementor-element elementor-element-bfb054b elementor-widget elementor-widget-heading\" data-id=\"bfb054b\" data-element_type=\"widget\" data-e-type=\"widget\" data-widget_type=\"heading.default\">\n\t\t\t\t<div class=\"elementor-widget-container\">\n\t\t\t\t\t<h2 class=\"elementor-heading-title elementor-size-default\">Days and Times<\/h2>\t\t\t\t<\/div>\n\t\t\t\t<\/div>\n\t\t\t\t<div class=\"elementor-element elementor-element-5d925cc elementor-widget__width-initial elementor-widget-mobile__width-inherit elementor-widget elementor-widget-text-editor\" data-id=\"5d925cc\" data-element_type=\"widget\" data-e-type=\"widget\" data-widget_type=\"text-editor.default\">\n\t\t\t\t<div class=\"elementor-widget-container\">\n\t\t\t\t\t\t\t\t\t<p>Luned\u00ec &#8211; Marted\u00ec &#8211; Gioved\u00ec &#8211; Venerd\u00ec &#8211; Sabato<\/p>\n<p>11.30\/15.00 &#8211; 19.00\/22.00<\/p>\n<p>\u00a0<\/p>\n<p>\u00a0<\/p>\n<p>Ultimo ordine accettato 13:30 &#8211; 20:30<\/p>\n<p>\u00a0<\/p>\n<p>Domenica &#8211; Mercoled\u00ec CHIUSO<\/p>\n<p>\u00a0<\/p>\n<div class=\"wp-block-group\">\n<p class=\"has-text-align-center has-link-color-color has-text-color\" style=\"font-size: 25px; font-style: normal; font-weight: 200; letter-spacing: 1px;\">\u00a0<\/p>\n<\/div>\t\t\t\t\t\t\t\t<\/div>\n\t\t\t\t<\/div>\n\t\t\t\t<div class=\"elementor-element elementor-element-e1b12d8 elementor-widget__width-initial elementor-widget-divider--view-line elementor-widget elementor-widget-divider\" data-id=\"e1b12d8\" data-element_type=\"widget\" data-e-type=\"widget\" data-widget_type=\"divider.default\">\n\t\t\t\t<div class=\"elementor-widget-container\">\n\t\t\t\t\t\t\t<div class=\"elementor-divider\">\n\t\t\t<span class=\"elementor-divider-separator\">\n\t\t\t\t\t\t<\/span>\n\t\t<\/div>\n\t\t\t\t\t\t<\/div>\n\t\t\t\t<\/div>\n\t\t\t\t<\/div>\n\t\t<div class=\"elementor-element elementor-element-c2b6581 e-con-full e-flex e-con e-child\" data-id=\"c2b6581\" data-element_type=\"container\" data-e-type=\"container\">\n\t\t\t\t<div class=\"elementor-element elementor-element-2d63fb2 elementor-widget elementor-widget-heading\" data-id=\"2d63fb2\" data-element_type=\"widget\" data-e-type=\"widget\" data-widget_type=\"heading.default\">\n\t\t\t\t<div class=\"elementor-widget-container\">\n\t\t\t\t\t<h2 class=\"elementor-heading-title elementor-size-default\">Where to find us\n\n<\/h2>\t\t\t\t<\/div>\n\t\t\t\t<\/div>\n\t\t\t\t<\/div>\n\t\t<div class=\"elementor-element elementor-element-236085b e-con-full e-flex e-con e-child\" data-id=\"236085b\" data-element_type=\"container\" data-e-type=\"container\">\n\t\t\t\t<div class=\"elementor-element elementor-element-7e78034 elementor-hidden-desktop elementor-hidden-tablet elementor-widget elementor-widget-text-editor\" data-id=\"7e78034\" data-element_type=\"widget\" data-e-type=\"widget\" data-widget_type=\"text-editor.default\">\n\t\t\t\t<div class=\"elementor-widget-container\">\n\t\t\t\t\t\t\t\t\t<p>Via alla Chiesa 8 CH-6874<\/p><p>Castel San Pietro<\/p><p>Telefono\u00a0 +41(0)912236874<\/p><p><a href=\"mailto:info@cuntitt.ch\">info@cuntitt.ch<\/a><\/p>\t\t\t\t\t\t\t\t<\/div>\n\t\t\t\t<\/div>\n\t\t\t\t<\/div>\n\t\t<div class=\"elementor-element elementor-element-bf57f2c e-con-full e-flex e-con e-child\" data-id=\"bf57f2c\" data-element_type=\"container\" data-e-type=\"container\">\n\t\t\t\t<div class=\"elementor-element elementor-element-3d60f7d elementor-widget-mobile__width-initial elementor-hidden-desktop elementor-hidden-tablet elementor-widget elementor-widget-image\" data-id=\"3d60f7d\" data-element_type=\"widget\" data-e-type=\"widget\" data-widget_type=\"image.default\">\n\t\t\t\t<div class=\"elementor-widget-container\">\n\t\t\t\t\t\t\t\t\t\t\t\t\t\t\t<img loading=\"lazy\" decoding=\"async\" width=\"1024\" height=\"200\" src=\"https:\/\/cuntitt.ch\/wp-content\/uploads\/2026\/03\/Opera_senza_titolo-2-1024x200.png\" class=\"attachment-large size-large wp-image-34681\" alt=\"\" srcset=\"https:\/\/cuntitt.ch\/wp-content\/uploads\/2026\/03\/Opera_senza_titolo-2-1024x200.png 1024w, https:\/\/cuntitt.ch\/wp-content\/uploads\/2026\/03\/Opera_senza_titolo-2-300x59.png 300w, https:\/\/cuntitt.ch\/wp-content\/uploads\/2026\/03\/Opera_senza_titolo-2-768x150.png 768w, https:\/\/cuntitt.ch\/wp-content\/uploads\/2026\/03\/Opera_senza_titolo-2-1536x300.png 1536w, https:\/\/cuntitt.ch\/wp-content\/uploads\/2026\/03\/Opera_senza_titolo-2-2048x401.png 2048w\" sizes=\"(max-width: 1024px) 100vw, 1024px\" \/>\t\t\t\t\t\t\t\t\t\t\t\t\t\t\t<\/div>\n\t\t\t\t<\/div>\n\t\t\t\t<\/div>\n\t\t\t\t\t<\/div>\n\t\t\t\t<\/div>\n\t\t\t\t<\/div>","protected":false},"excerpt":{"rendered":"<p>Giorni e Orari Luned\u00ec &#8211; Marted\u00ec &#8211; Gioved\u00ec &#8211; Venerd\u00ec &#8211; Sabato 11.30\/15.00 &#8211; 19.00\/22.00 Ultimo ordine accettato 13:30 &#8211; 20:30 Domenica &#8211; Mercoled\u00ec CHIUSO Dove trovarci Via alla Chiesa 8 CH-6874 Castel San Pietro Telefono\u00a0 +41(0)912236874 info@cuntitt.ch Giorni e Orari Luned\u00ec &#8211; Marted\u00ec &#8211; Gioved\u00ec &#8211; Venerd\u00ec &#8211; Sabato 11.30\/15.00 &#8211; 19.00\/22.00 \u00a0 \u00a0 [&hellip;]<\/p>\n","protected":false},"author":163,"featured_media":0,"parent":0,"menu_order":0,"comment_status":"closed","ping_status":"closed","template":"","meta":{"site-sidebar-layout":"default","site-content-layout":"","ast-site-content-layout":"","site-content-style":"default","site-sidebar-style":"default","ast-global-header-display":"","ast-banner-title-visibility":"","ast-main-header-display":"","ast-hfb-above-header-display":"","ast-hfb-below-header-display":"","ast-hfb-mobile-header-display":"","site-post-title":"","ast-breadcrumbs-content":"","ast-featured-img":"","footer-sml-layout":"","theme-transparent-header-meta":"","adv-header-id-meta":"","stick-header-meta":"","header-above-stick-meta":"","header-main-stick-meta":"","header-below-stick-meta":"","astra-migrate-meta-layouts":"default","ast-page-background-enabled":"default","ast-page-background-meta":{"desktop":{"background-color":"var(--ast-global-color-4)","background-image":"","background-repeat":"repeat","background-position":"center center","background-size":"auto","background-attachment":"scroll","background-type":"","background-media":"","overlay-type":"","overlay-color":"","overlay-opacity":"","overlay-gradient":""},"tablet":{"background-color":"","background-image":"","background-repeat":"repeat","background-position":"center center","background-size":"auto","background-attachment":"scroll","background-type":"","background-media":"","overlay-type":"","overlay-color":"","overlay-opacity":"","overlay-gradient":""},"mobile":{"background-color":"","background-image":"","background-repeat":"repeat","background-position":"center center","background-size":"auto","background-attachment":"scroll","background-type":"","background-media":"","overlay-type":"","overlay-color":"","overlay-opacity":"","overlay-gradient":""}},"ast-content-background-meta":{"desktop":{"background-color":"var(--ast-global-color-5)","background-image":"","background-repeat":"repeat","background-position":"center center","background-size":"auto","background-attachment":"scroll","background-type":"","background-media":"","overlay-type":"","overlay-color":"","overlay-opacity":"","overlay-gradient":""},"tablet":{"background-color":"var(--ast-global-color-5)","background-image":"","background-repeat":"repeat","background-position":"center center","background-size":"auto","background-attachment":"scroll","background-type":"","background-media":"","overlay-type":"","overlay-color":"","overlay-opacity":"","overlay-gradient":""},"mobile":{"background-color":"var(--ast-global-color-5)","background-image":"","background-repeat":"repeat","background-position":"center center","background-size":"auto","background-attachment":"scroll","background-type":"","background-media":"","overlay-type":"","overlay-color":"","overlay-opacity":"","overlay-gradient":""}},"footnotes":""},"class_list":["post-34640","page","type-page","status-publish","hentry"],"_links":{"self":[{"href":"https:\/\/cuntitt.ch\/en_gb\/wp-json\/wp\/v2\/pages\/34640","targetHints":{"allow":["GET"]}}],"collection":[{"href":"https:\/\/cuntitt.ch\/en_gb\/wp-json\/wp\/v2\/pages"}],"about":[{"href":"https:\/\/cuntitt.ch\/en_gb\/wp-json\/wp\/v2\/types\/page"}],"author":[{"embeddable":true,"href":"https:\/\/cuntitt.ch\/en_gb\/wp-json\/wp\/v2\/users\/163"}],"replies":[{"embeddable":true,"href":"https:\/\/cuntitt.ch\/en_gb\/wp-json\/wp\/v2\/comments?post=34640"}],"version-history":[{"count":66,"href":"https:\/\/cuntitt.ch\/en_gb\/wp-json\/wp\/v2\/pages\/34640\/revisions"}],"predecessor-version":[{"id":36346,"href":"https:\/\/cuntitt.ch\/en_gb\/wp-json\/wp\/v2\/pages\/34640\/revisions\/36346"}],"wp:attachment":[{"href":"https:\/\/cuntitt.ch\/en_gb\/wp-json\/wp\/v2\/media?parent=34640"}],"curies":[{"name":"wp","href":"https:\/\/api.w.org\/{rel}","templated":true}]}}